{"id":1739,"date":"2021-04-30T16:08:43","date_gmt":"2021-04-30T16:08:43","guid":{"rendered":"https:\/\/www.prospec-plus.com\/merci\/"},"modified":"2021-11-08T21:44:03","modified_gmt":"2021-11-08T21:44:03","slug":"thank-you","status":"publish","type":"page","link":"https:\/\/www.prospec-plus.com\/en\/thank-you\/","title":{"rendered":"Thank you"},"content":{"rendered":"\t\t<div data-elementor-type=\"wp-page\" data-elementor-id=\"1739\" class=\"elementor elementor-1739 elementor-352\" data-elementor-post-type=\"page\">\n\t\t\t\t\t\t<section class=\"elementor-section elementor-top-section elementor-element elementor-element-1072b4d elementor-section-height-min-height ph elementor-section-boxed elementor-section-height-default elementor-section-items-middle\" data-id=\"1072b4d\" data-element_type=\"section\" data-settings=\"{&quot;jet_parallax_layout_list&quot;:[{&quot;jet_parallax_layout_image&quot;:{&quot;url&quot;:&quot;&quot;,&quot;id&quot;:&quot;&quot;,&quot;size&quot;:&quot;&quot;},&quot;_id&quot;:&quot;9d4cabd&quot;,&quot;jet_parallax_layout_image_tablet&quot;:{&quot;url&quot;:&quot;&quot;,&quot;id&quot;:&quot;&quot;,&quot;size&quot;:&quot;&quot;},&quot;jet_parallax_layout_image_mobile&quot;:{&quot;url&quot;:&quot;&quot;,&quot;id&quot;:&quot;&quot;,&quot;size&quot;:&quot;&quot;},&quot;jet_parallax_layout_speed&quot;:{&quot;unit&quot;:&quot;%&quot;,&quot;size&quot;:50,&quot;sizes&quot;:[]},&quot;jet_parallax_layout_type&quot;:&quot;scroll&quot;,&quot;jet_parallax_layout_direction&quot;:&quot;1&quot;,&quot;jet_parallax_layout_fx_direction&quot;:null,&quot;jet_parallax_layout_z_index&quot;:&quot;&quot;,&quot;jet_parallax_layout_bg_x&quot;:50,&quot;jet_parallax_layout_bg_x_tablet&quot;:&quot;&quot;,&quot;jet_parallax_layout_bg_x_mobile&quot;:&quot;&quot;,&quot;jet_parallax_layout_bg_y&quot;:50,&quot;jet_parallax_layout_bg_y_tablet&quot;:&quot;&quot;,&quot;jet_parallax_layout_bg_y_mobile&quot;:&quot;&quot;,&quot;jet_parallax_layout_bg_size&quot;:&quot;auto&quot;,&quot;jet_parallax_layout_bg_size_tablet&quot;:&quot;&quot;,&quot;jet_parallax_layout_bg_size_mobile&quot;:&quot;&quot;,&quot;jet_parallax_layout_animation_prop&quot;:&quot;transform&quot;,&quot;jet_parallax_layout_on&quot;:[&quot;desktop&quot;,&quot;tablet&quot;]}],&quot;background_background&quot;:&quot;classic&quot;}\">\n\t\t\t\t\t\t\t<div class=\"elementor-background-overlay\"><\/div>\n\t\t\t\t\t\t\t<div class=\"elementor-container elementor-column-gap-default\">\n\t\t\t\t\t<div class=\"elementor-column elementor-col-100 elementor-top-column elementor-element elementor-element-fa627b0\" data-id=\"fa627b0\" data-element_type=\"column\">\n\t\t\t<div class=\"elementor-widget-wrap elementor-element-populated\">\n\t\t\t\t\t\t<div class=\"elementor-element elementor-element-00cc0fd elementor-invisible elementor-widget elementor-widget-heading\" data-id=\"00cc0fd\" data-element_type=\"widget\" data-settings=\"{&quot;_animation&quot;:&quot;fadeInDown&quot;}\" data-widget_type=\"heading.default\">\n\t\t\t\t<div class=\"elementor-widget-container\">\n\t\t\t\t\t<h1 class=\"elementor-heading-title elementor-size-default\"><span class=\"home-bolder-title\">THANK YOU<\/span><br>\n<\/h1>\t\t\t\t<\/div>\n\t\t\t\t<\/div>\n\t\t\t\t\t<\/div>\n\t\t<\/div>\n\t\t\t\t\t<\/div>\n\t\t<\/section>\n\t\t\t\t<section class=\"elementor-section elementor-top-section elementor-element elementor-element-913a80d ph elementor-section-boxed elementor-section-height-default elementor-section-height-default\" data-id=\"913a80d\" data-element_type=\"section\" data-settings=\"{&quot;jet_parallax_layout_list&quot;:[{&quot;jet_parallax_layout_image&quot;:{&quot;url&quot;:&quot;&quot;,&quot;id&quot;:&quot;&quot;,&quot;size&quot;:&quot;&quot;},&quot;_id&quot;:&quot;f6b45cc&quot;,&quot;jet_parallax_layout_image_tablet&quot;:{&quot;url&quot;:&quot;&quot;,&quot;id&quot;:&quot;&quot;,&quot;size&quot;:&quot;&quot;},&quot;jet_parallax_layout_image_mobile&quot;:{&quot;url&quot;:&quot;&quot;,&quot;id&quot;:&quot;&quot;,&quot;size&quot;:&quot;&quot;},&quot;jet_parallax_layout_speed&quot;:{&quot;unit&quot;:&quot;%&quot;,&quot;size&quot;:50,&quot;sizes&quot;:[]},&quot;jet_parallax_layout_type&quot;:&quot;scroll&quot;,&quot;jet_parallax_layout_direction&quot;:&quot;1&quot;,&quot;jet_parallax_layout_fx_direction&quot;:null,&quot;jet_parallax_layout_z_index&quot;:&quot;&quot;,&quot;jet_parallax_layout_bg_x&quot;:50,&quot;jet_parallax_layout_bg_x_tablet&quot;:&quot;&quot;,&quot;jet_parallax_layout_bg_x_mobile&quot;:&quot;&quot;,&quot;jet_parallax_layout_bg_y&quot;:50,&quot;jet_parallax_layout_bg_y_tablet&quot;:&quot;&quot;,&quot;jet_parallax_layout_bg_y_mobile&quot;:&quot;&quot;,&quot;jet_parallax_layout_bg_size&quot;:&quot;auto&quot;,&quot;jet_parallax_layout_bg_size_tablet&quot;:&quot;&quot;,&quot;jet_parallax_layout_bg_size_mobile&quot;:&quot;&quot;,&quot;jet_parallax_layout_animation_prop&quot;:&quot;transform&quot;,&quot;jet_parallax_layout_on&quot;:[&quot;desktop&quot;,&quot;tablet&quot;]}]}\">\n\t\t\t\t\t\t<div class=\"elementor-container elementor-column-gap-default\">\n\t\t\t\t\t<div class=\"elementor-column elementor-col-100 elementor-top-column elementor-element elementor-element-17258ee\" data-id=\"17258ee\" data-element_type=\"column\">\n\t\t\t<div class=\"elementor-widget-wrap elementor-element-populated\">\n\t\t\t\t\t\t<div class=\"elementor-element elementor-element-2f11d19 blue-vertical-line elementor-widget elementor-widget-heading\" data-id=\"2f11d19\" data-element_type=\"widget\" data-widget_type=\"heading.default\">\n\t\t\t\t<div class=\"elementor-widget-container\">\n\t\t\t\t\t<h2 class=\"elementor-heading-title elementor-size-default\">Thank you for your message<\/h2>\t\t\t\t<\/div>\n\t\t\t\t<\/div>\n\t\t\t\t<div class=\"elementor-element elementor-element-1fb4f04 elementor-invisible elementor-widget elementor-widget-text-editor\" data-id=\"1fb4f04\" data-element_type=\"widget\" data-settings=\"{&quot;_animation&quot;:&quot;fadeIn&quot;}\" data-widget_type=\"text-editor.default\">\n\t\t\t\t<div class=\"elementor-widget-container\">\n\t\t\t\t\t\t\t\t\t<p>. Our team will get back to you as soon as possible<\/p>\t\t\t\t\t\t\t\t<\/div>\n\t\t\t\t<\/div>\n\t\t\t\t\t<\/div>\n\t\t<\/div>\n\t\t\t\t\t<\/div>\n\t\t<\/section>\n\t\t\t\t<\/div>\n\t\t","protected":false},"excerpt":{"rendered":"<p>THANK YOU Thank you for your message . Our team will get back to you as soon as possible<\/p>\n","protected":false},"author":1,"featured_media":0,"parent":0,"menu_order":0,"comment_status":"closed","ping_status":"closed","template":"elementor_header_footer","meta":{"footnotes":""},"class_list":["post-1739","page","type-page","status-publish","hentry"],"acf":[],"yoast_head":"<!-- This site is optimized with the Yoast SEO plugin v27.5 - https:\/\/yoast.com\/product\/yoast-seo-wordpress\/ -->\n<title>Thank you - ProspecPlus G\u00e9nie Conseil | L&#039;art et le g\u00e9nie du b\u00e2timent<\/title>\n<meta name=\"robots\" content=\"index, follow, max-snippet:-1, max-image-preview:large, max-video-preview:-1\" \/>\n<link rel=\"canonical\" href=\"https:\/\/www.prospec-plus.com\/en\/thank-you\/\" \/>\n<meta property=\"og:locale\" content=\"en_US\" \/>\n<meta property=\"og:type\" content=\"article\" \/>\n<meta property=\"og:title\" content=\"Thank you - ProspecPlus G\u00e9nie Conseil | L&#039;art et le g\u00e9nie du b\u00e2timent\" \/>\n<meta property=\"og:description\" content=\"THANK YOU Thank you for your message . Our team will get back to you as soon as possible\" \/>\n<meta property=\"og:url\" content=\"https:\/\/www.prospec-plus.com\/en\/thank-you\/\" \/>\n<meta property=\"og:site_name\" content=\"ProspecPlus G\u00e9nie Conseil | L&#039;art et le g\u00e9nie du b\u00e2timent\" \/>\n<meta property=\"article:modified_time\" content=\"2021-11-08T21:44:03+00:00\" \/>\n<meta name=\"twitter:card\" content=\"summary_large_image\" \/>\n<meta name=\"twitter:label1\" content=\"Est. reading time\" \/>\n\t<meta name=\"twitter:data1\" content=\"1 minute\" \/>\n<script type=\"application\/ld+json\" class=\"yoast-schema-graph\">{\"@context\":\"https:\\\/\\\/schema.org\",\"@graph\":[{\"@type\":\"WebPage\",\"@id\":\"https:\\\/\\\/www.prospec-plus.com\\\/en\\\/thank-you\\\/\",\"url\":\"https:\\\/\\\/www.prospec-plus.com\\\/en\\\/thank-you\\\/\",\"name\":\"Thank you - ProspecPlus G\u00e9nie Conseil | L&#039;art et le g\u00e9nie du b\u00e2timent\",\"isPartOf\":{\"@id\":\"https:\\\/\\\/www.prospec-plus.com\\\/#website\"},\"datePublished\":\"2021-04-30T16:08:43+00:00\",\"dateModified\":\"2021-11-08T21:44:03+00:00\",\"breadcrumb\":{\"@id\":\"https:\\\/\\\/www.prospec-plus.com\\\/en\\\/thank-you\\\/#breadcrumb\"},\"inLanguage\":\"en-CA\",\"potentialAction\":[{\"@type\":\"ReadAction\",\"target\":[\"https:\\\/\\\/www.prospec-plus.com\\\/en\\\/thank-you\\\/\"]}]},{\"@type\":\"BreadcrumbList\",\"@id\":\"https:\\\/\\\/www.prospec-plus.com\\\/en\\\/thank-you\\\/#breadcrumb\",\"itemListElement\":[{\"@type\":\"ListItem\",\"position\":1,\"name\":\"Accueil\",\"item\":\"https:\\\/\\\/www.prospec-plus.com\\\/\"},{\"@type\":\"ListItem\",\"position\":2,\"name\":\"Thank you\"}]},{\"@type\":\"WebSite\",\"@id\":\"https:\\\/\\\/www.prospec-plus.com\\\/#website\",\"url\":\"https:\\\/\\\/www.prospec-plus.com\\\/\",\"name\":\"ProspecPlus G\u00e9nie Conseil | L&#039;art et le g\u00e9nie du b\u00e2timent\",\"description\":\"\",\"publisher\":{\"@id\":\"https:\\\/\\\/www.prospec-plus.com\\\/#organization\"},\"potentialAction\":[{\"@type\":\"SearchAction\",\"target\":{\"@type\":\"EntryPoint\",\"urlTemplate\":\"https:\\\/\\\/www.prospec-plus.com\\\/?s={search_term_string}\"},\"query-input\":{\"@type\":\"PropertyValueSpecification\",\"valueRequired\":true,\"valueName\":\"search_term_string\"}}],\"inLanguage\":\"en-CA\"},{\"@type\":\"Organization\",\"@id\":\"https:\\\/\\\/www.prospec-plus.com\\\/#organization\",\"name\":\"ProspecPlus G\u00e9nie Conseil | L&#039;art et le g\u00e9nie du b\u00e2timent\",\"url\":\"https:\\\/\\\/www.prospec-plus.com\\\/\",\"logo\":{\"@type\":\"ImageObject\",\"inLanguage\":\"en-CA\",\"@id\":\"https:\\\/\\\/www.prospec-plus.com\\\/#\\\/schema\\\/logo\\\/image\\\/\",\"url\":\"https:\\\/\\\/www.prospec-plus.com\\\/wp-content\\\/uploads\\\/2020\\\/05\\\/logo-header.png\",\"contentUrl\":\"https:\\\/\\\/www.prospec-plus.com\\\/wp-content\\\/uploads\\\/2020\\\/05\\\/logo-header.png\",\"width\":191,\"height\":112,\"caption\":\"ProspecPlus G\u00e9nie Conseil | L&#039;art et le g\u00e9nie du b\u00e2timent\"},\"image\":{\"@id\":\"https:\\\/\\\/www.prospec-plus.com\\\/#\\\/schema\\\/logo\\\/image\\\/\"}}]}<\/script>\n<!-- \/ Yoast SEO plugin. -->","yoast_head_json":{"title":"Thank you - ProspecPlus G\u00e9nie Conseil | L&#039;art et le g\u00e9nie du b\u00e2timent","robots":{"index":"index","follow":"follow","max-snippet":"max-snippet:-1","max-image-preview":"max-image-preview:large","max-video-preview":"max-video-preview:-1"},"canonical":"https:\/\/www.prospec-plus.com\/en\/thank-you\/","og_locale":"en_US","og_type":"article","og_title":"Thank you - ProspecPlus G\u00e9nie Conseil | L&#039;art et le g\u00e9nie du b\u00e2timent","og_description":"THANK YOU Thank you for your message . Our team will get back to you as soon as possible","og_url":"https:\/\/www.prospec-plus.com\/en\/thank-you\/","og_site_name":"ProspecPlus G\u00e9nie Conseil | L&#039;art et le g\u00e9nie du b\u00e2timent","article_modified_time":"2021-11-08T21:44:03+00:00","twitter_card":"summary_large_image","twitter_misc":{"Est. reading time":"1 minute"},"schema":{"@context":"https:\/\/schema.org","@graph":[{"@type":"WebPage","@id":"https:\/\/www.prospec-plus.com\/en\/thank-you\/","url":"https:\/\/www.prospec-plus.com\/en\/thank-you\/","name":"Thank you - ProspecPlus G\u00e9nie Conseil | L&#039;art et le g\u00e9nie du b\u00e2timent","isPartOf":{"@id":"https:\/\/www.prospec-plus.com\/#website"},"datePublished":"2021-04-30T16:08:43+00:00","dateModified":"2021-11-08T21:44:03+00:00","breadcrumb":{"@id":"https:\/\/www.prospec-plus.com\/en\/thank-you\/#breadcrumb"},"inLanguage":"en-CA","potentialAction":[{"@type":"ReadAction","target":["https:\/\/www.prospec-plus.com\/en\/thank-you\/"]}]},{"@type":"BreadcrumbList","@id":"https:\/\/www.prospec-plus.com\/en\/thank-you\/#breadcrumb","itemListElement":[{"@type":"ListItem","position":1,"name":"Accueil","item":"https:\/\/www.prospec-plus.com\/"},{"@type":"ListItem","position":2,"name":"Thank you"}]},{"@type":"WebSite","@id":"https:\/\/www.prospec-plus.com\/#website","url":"https:\/\/www.prospec-plus.com\/","name":"ProspecPlus G\u00e9nie Conseil | L&#039;art et le g\u00e9nie du b\u00e2timent","description":"","publisher":{"@id":"https:\/\/www.prospec-plus.com\/#organization"},"potentialAction":[{"@type":"SearchAction","target":{"@type":"EntryPoint","urlTemplate":"https:\/\/www.prospec-plus.com\/?s={search_term_string}"},"query-input":{"@type":"PropertyValueSpecification","valueRequired":true,"valueName":"search_term_string"}}],"inLanguage":"en-CA"},{"@type":"Organization","@id":"https:\/\/www.prospec-plus.com\/#organization","name":"ProspecPlus G\u00e9nie Conseil | L&#039;art et le g\u00e9nie du b\u00e2timent","url":"https:\/\/www.prospec-plus.com\/","logo":{"@type":"ImageObject","inLanguage":"en-CA","@id":"https:\/\/www.prospec-plus.com\/#\/schema\/logo\/image\/","url":"https:\/\/www.prospec-plus.com\/wp-content\/uploads\/2020\/05\/logo-header.png","contentUrl":"https:\/\/www.prospec-plus.com\/wp-content\/uploads\/2020\/05\/logo-header.png","width":191,"height":112,"caption":"ProspecPlus G\u00e9nie Conseil | L&#039;art et le g\u00e9nie du b\u00e2timent"},"image":{"@id":"https:\/\/www.prospec-plus.com\/#\/schema\/logo\/image\/"}}]}},"_links":{"self":[{"href":"https:\/\/www.prospec-plus.com\/en\/wp-json\/wp\/v2\/pages\/1739","targetHints":{"allow":["GET"]}}],"collection":[{"href":"https:\/\/www.prospec-plus.com\/en\/wp-json\/wp\/v2\/pages"}],"about":[{"href":"https:\/\/www.prospec-plus.com\/en\/wp-json\/wp\/v2\/types\/page"}],"author":[{"embeddable":true,"href":"https:\/\/www.prospec-plus.com\/en\/wp-json\/wp\/v2\/users\/1"}],"replies":[{"embeddable":true,"href":"https:\/\/www.prospec-plus.com\/en\/wp-json\/wp\/v2\/comments?post=1739"}],"version-history":[{"count":4,"href":"https:\/\/www.prospec-plus.com\/en\/wp-json\/wp\/v2\/pages\/1739\/revisions"}],"predecessor-version":[{"id":1743,"href":"https:\/\/www.prospec-plus.com\/en\/wp-json\/wp\/v2\/pages\/1739\/revisions\/1743"}],"wp:attachment":[{"href":"https:\/\/www.prospec-plus.com\/en\/wp-json\/wp\/v2\/media?parent=1739"}],"curies":[{"name":"wp","href":"https:\/\/api.w.org\/{rel}","templated":true}]}}